{"id":371,"date":"2026-02-18T00:55:50","date_gmt":"2026-02-18T00:55:50","guid":{"rendered":"https:\/\/ortopediasantocristo.com\/?page_id=371"},"modified":"2026-02-18T01:02:13","modified_gmt":"2026-02-18T01:02:13","slug":"politica-de-privacidad","status":"publish","type":"page","link":"https:\/\/ortopediasantocristo.com\/en\/politica-de-privacidad\/","title":{"rendered":"Pol\u00edtica de Privacidad"},"content":{"rendered":"<div data-elementor-type=\"wp-page\" data-elementor-id=\"371\" class=\"elementor elementor-371\" data-elementor-post-type=\"page\">\n\t\t\t\t<div class=\"elementor-element elementor-element-d1324de e-flex e-con-boxed e-con e-parent\" data-id=\"d1324de\" data-element_type=\"container\" data-e-type=\"container\">\n\t\t\t\t\t<div class=\"e-con-inner\">\n\t\t\t\t<div class=\"elementor-element elementor-element-9bf16a7 elementor-icon-list--layout-inline elementor-list-item-link-full_width elementor-widget elementor-widget-icon-list\" data-id=\"9bf16a7\" data-element_type=\"widget\" data-e-type=\"widget\" data-widget_type=\"icon-list.default\">\n\t\t\t\t\t\t\t<ul class=\"elementor-icon-list-items elementor-inline-items\">\n\t\t\t\t\t\t\t<li class=\"elementor-icon-list-item elementor-inline-item\">\n\t\t\t\t\t\t\t\t\t\t\t<a href=\"https:\/\/ortopediasantocristo.com\/en\">\n\n\t\t\t\t\t\t\t\t\t\t\t<span class=\"elementor-icon-list-text\">Inicio<\/span>\n\t\t\t\t\t\t\t\t\t\t\t<\/a>\n\t\t\t\t\t\t\t\t\t<\/li>\n\t\t\t\t\t\t\t\t<li class=\"elementor-icon-list-item elementor-inline-item\">\n\t\t\t\t\t\t\t\t\t\t\t<span class=\"elementor-icon-list-icon\">\n\t\t\t\t\t\t\t<svg aria-hidden=\"true\" class=\"e-font-icon-svg e-fas-chevron-right\" viewbox=\"0 0 320 512\" xmlns=\"http:\/\/www.w3.org\/2000\/svg\"><path d=\"M285.476 272.971L91.132 467.314c-9.373 9.373-24.569 9.373-33.941 0l-22.667-22.667c-9.357-9.357-9.375-24.522-.04-33.901L188.505 256 34.484 101.255c-9.335-9.379-9.317-24.544.04-33.901l22.667-22.667c9.373-9.373 24.569-9.373 33.941 0L285.475 239.03c9.373 9.372 9.373 24.568.001 33.941z\"><\/path><\/svg>\t\t\t\t\t\t<\/span>\n\t\t\t\t\t\t\t\t\t\t<span class=\"elementor-icon-list-text\"><\/span>\n\t\t\t\t\t\t\t\t\t<\/li>\n\t\t\t\t\t\t<\/ul>\n\t\t\t\t\t\t<\/div>\n\t\t\t\t\t<\/div>\n\t\t\t\t<\/div>\n\t\t<div class=\"elementor-element elementor-element-7b42af6 e-flex e-con-boxed e-con e-parent\" data-id=\"7b42af6\" data-element_type=\"container\" data-e-type=\"container\" data-settings=\"{&quot;background_background&quot;:&quot;classic&quot;}\">\n\t\t\t\t\t<div class=\"e-con-inner\">\n\t\t\t\t<div class=\"elementor-element elementor-element-21c4e28 elementor-widget__width-inherit elementor-widget elementor-widget-text-editor\" data-id=\"21c4e28\" data-element_type=\"widget\" data-e-type=\"widget\" data-widget_type=\"text-editor.default\">\n\t\t\t\t\t\t\t\t\t<p data-start=\"839\" data-end=\"1029\">Esta declaraci\u00f3n de privacidad se actualiz\u00f3 por \u00faltima vez el <strong data-start=\"901\" data-end=\"924\">29 de enero de 2026<\/strong> y se aplica a los ciudadanos y residentes legales permanentes del <strong data-start=\"991\" data-end=\"1028\">Espacio Econ\u00f3mico Europeo y Suiza<\/strong>.<\/p><p data-start=\"1031\" data-end=\"1184\">En esta declaraci\u00f3n de privacidad explicamos lo que hacemos con los datos que obtenemos sobre usted a trav\u00e9s de <strong data-start=\"1143\" data-end=\"1183\"><a class=\"decorated-link\" href=\"https:\/\/ortopediasantocristo.com\/en\/\" target=\"_new\" rel=\"noopener\" data-start=\"1145\" data-end=\"1181\">https:\/\/www.ortopediasantocristo.com<\/a><\/strong>.<\/p><p data-start=\"1186\" data-end=\"1368\">Le recomendamos que lea atentamente esta declaraci\u00f3n. En nuestro procesamiento cumplimos con los requisitos de la legislaci\u00f3n de privacidad, lo que significa, entre otras cosas, que:<\/p><ul data-start=\"1370\" data-end=\"1790\"><li data-start=\"1370\" data-end=\"1450\"><p data-start=\"1372\" data-end=\"1450\">indicamos claramente los fines para los que procesamos los datos personales;<\/p><\/li><li data-start=\"1451\" data-end=\"1550\"><p data-start=\"1453\" data-end=\"1550\">limitamos nuestra recopilaci\u00f3n de datos personales a los datos necesarios para fines leg\u00edtimos;<\/p><\/li><li data-start=\"1551\" data-end=\"1615\"><p data-start=\"1553\" data-end=\"1615\">solicitamos su consentimiento expl\u00edcito cuando es necesario;<\/p><\/li><li data-start=\"1616\" data-end=\"1694\"><p data-start=\"1618\" data-end=\"1694\">tomamos medidas de seguridad adecuadas para proteger sus datos personales;<\/p><\/li><li data-start=\"1695\" data-end=\"1790\"><p data-start=\"1697\" data-end=\"1790\">respetamos su derecho a acceder, rectificar o cancelar sus datos personales previa solicitud.<\/p><\/li><\/ul><p data-start=\"1792\" data-end=\"1910\">Si tiene alguna pregunta o quiere saber exactamente qu\u00e9 datos guardamos sobre usted, p\u00f3ngase en contacto con nosotros.<\/p><h5 data-start=\"1917\" data-end=\"1966\"><strong data-start=\"1920\" data-end=\"1966\">1. Prop\u00f3sito, datos y periodo de retenci\u00f3n<\/strong><\/h5><p data-start=\"1968\" data-end=\"2085\">Podemos recopilar o recibir informaci\u00f3n personal para fines relacionados con nuestra actividad comercial y sanitaria:<\/p><h6 data-start=\"2087\" data-end=\"2172\"><strong data-start=\"2091\" data-end=\"2172\">1.1 Contacto \u2013 Por tel\u00e9fono, correo electr\u00f3nico y\/o formularios del sitio web<\/strong><\/h6><p data-start=\"2174\" data-end=\"2193\"><strong data-start=\"2174\" data-end=\"2193\">Datos tratados:<\/strong><\/p><ul data-start=\"2194\" data-end=\"2252\"><li data-start=\"2194\" data-end=\"2216\"><p data-start=\"2196\" data-end=\"2216\">Nombre y apellidos<\/p><\/li><li data-start=\"2217\" data-end=\"2252\"><p data-start=\"2219\" data-end=\"2252\">Direcci\u00f3n de correo electr\u00f3nico<\/p><\/li><\/ul><p data-start=\"2254\" data-end=\"2302\"><strong data-start=\"2254\" data-end=\"2269\">Base legal:<\/strong><br data-start=\"2269\" data-end=\"2272\" \/>Consentimiento del interesado.<\/p><p data-start=\"2304\" data-end=\"2420\"><strong data-start=\"2304\" data-end=\"2329\">Periodo de retenci\u00f3n:<\/strong><br data-start=\"2329\" data-end=\"2332\" \/>Los datos se conservar\u00e1n hasta que el servicio sea cancelado o se solicite su supresi\u00f3n.<\/p><h5 data-start=\"2427\" data-end=\"2444\"><strong data-start=\"2430\" data-end=\"2444\">2. Cookies<\/strong><\/h5><p data-start=\"2445\" data-end=\"2559\">Nuestra web utiliza cookies. Para m\u00e1s informaci\u00f3n acerca de las cookies, consulte nuestra <strong data-start=\"2535\" data-end=\"2558\">Pol\u00edtica de Cookies<\/strong>.<\/p><h5 data-start=\"2566\" data-end=\"2600\"><strong data-start=\"2569\" data-end=\"2600\">3. Pr\u00e1cticas de divulgaci\u00f3n<\/strong><\/h5><p data-start=\"2601\" data-end=\"2778\">Divulgamos informaci\u00f3n personal si nos lo exige la ley o una orden judicial, en respuesta a un organismo competente, en la medida en que lo permitan otras disposiciones legales.<\/p><p data-start=\"2780\" data-end=\"2956\">Si nuestro sitio web o nuestra empresa son adquiridos, vendidos o participan en una fusi\u00f3n o adquisici\u00f3n, sus datos podr\u00e1n ser revelados a asesores y a los nuevos responsables.<\/p><h5 data-start=\"2963\" data-end=\"2982\"><strong data-start=\"2966\" data-end=\"2982\">4. Seguridad<\/strong><\/h5><p data-start=\"2983\" data-end=\"3246\">Estamos comprometidos con la seguridad de los datos personales. Adoptamos medidas t\u00e9cnicas y organizativas adecuadas para limitar el acceso no autorizado, el uso indebido o la p\u00e9rdida de datos personales. Solo el personal autorizado tiene acceso a la informaci\u00f3n.<\/p><h5 data-start=\"3253\" data-end=\"3279\"><strong data-start=\"3256\" data-end=\"3279\">5. Webs de terceros<\/strong><\/h5><p data-start=\"3280\" data-end=\"3481\">Esta declaraci\u00f3n de privacidad no se aplica a las webs de terceros enlazadas desde nuestra web. No podemos garantizar que dichas terceras partes gestionen los datos personales de forma fiable o segura.<\/p><h5 data-start=\"3488\" data-end=\"3546\"><strong data-start=\"3491\" data-end=\"3546\">6. Modificaciones de esta declaraci\u00f3n de privacidad<\/strong><\/h5><p data-start=\"3547\" data-end=\"3698\">Nos reservamos el derecho de modificar esta declaraci\u00f3n de privacidad. Se recomienda revisarla peri\u00f3dicamente para estar informado de posibles cambios.<\/p><h5 data-start=\"3705\" data-end=\"3749\"><strong data-start=\"3708\" data-end=\"3749\">7. Acceso y modificaci\u00f3n de sus datos<\/strong><\/h5><p data-start=\"3750\" data-end=\"3772\">Usted tiene derecho a:<\/p><ul data-start=\"3774\" data-end=\"4127\"><li data-start=\"3774\" data-end=\"3867\"><p data-start=\"3776\" data-end=\"3867\">conocer por qu\u00e9 se necesitan sus datos personales y durante cu\u00e1nto tiempo se conservar\u00e1n;<\/p><\/li><li data-start=\"3868\" data-end=\"3919\"><p data-start=\"3870\" data-end=\"3919\">acceder a los datos personales que conservamos;<\/p><\/li><li data-start=\"3920\" data-end=\"3957\"><p data-start=\"3922\" data-end=\"3957\">rectificar o completar sus datos;<\/p><\/li><li data-start=\"3958\" data-end=\"4013\"><p data-start=\"3960\" data-end=\"4013\">solicitar la supresi\u00f3n de los datos cuando proceda;<\/p><\/li><li data-start=\"4014\" data-end=\"4065\"><p data-start=\"4016\" data-end=\"4065\">retirar su consentimiento en cualquier momento;<\/p><\/li><li data-start=\"4066\" data-end=\"4127\"><p data-start=\"4068\" data-end=\"4127\">oponerse al tratamiento de sus datos por motivos leg\u00edtimos.<\/p><\/li><\/ul><p data-start=\"4129\" data-end=\"4192\">Para ejercer estos derechos deber\u00e1 identificarse adecuadamente.<\/p><h5 data-start=\"4199\" data-end=\"4233\"><strong data-start=\"4202\" data-end=\"4233\">8. Env\u00edo de una reclamaci\u00f3n<\/strong><\/h5><p data-start=\"4234\" data-end=\"4421\">Si no est\u00e1 satisfecho con la forma en que tratamos o procesamos sus datos personales, tiene derecho a presentar una reclamaci\u00f3n ante la <strong data-start=\"4370\" data-end=\"4420\">Agencia Espa\u00f1ola de Protecci\u00f3n de Datos (AEPD)<\/strong>.<\/p><h5 data-start=\"4428\" data-end=\"4455\"><strong data-start=\"4431\" data-end=\"4455\">9. Datos de contacto<\/strong><\/h5><p data-start=\"4457\" data-end=\"4683\"><strong data-start=\"4457\" data-end=\"4497\">Ortopedia T\u00e9cnica Santo Cristo, S.L.<\/strong><br data-start=\"4497\" data-end=\"4500\" \/>Plaza de los Trinitarios, n\u00ba 2 D, Letra D<br data-start=\"4541\" data-end=\"4544\" \/>14540 La Rambla<br data-start=\"4559\" data-end=\"4562\" \/>C\u00f3rdoba<br data-start=\"4569\" data-end=\"4572\" \/>Espa\u00f1a<br data-start=\"4578\" data-end=\"4581\" \/>Correo electr\u00f3nico: <strong data-start=\"4601\" data-end=\"4634\"><a class=\"decorated-link cursor-pointer\" rel=\"noopener\" data-start=\"4603\" data-end=\"4632\">info@ortopediasantocristo.com<\/a><\/strong><br data-start=\"4634\" data-end=\"4637\" \/>Tel\u00e9fono: <strong data-start=\"4647\" data-end=\"4662\">957 684 184<\/strong><br data-start=\"4662\" data-end=\"4665\" \/>CIF: <strong data-start=\"4670\" data-end=\"4683\">B14905335<\/strong><\/p>\t\t\t\t\t\t\t\t<\/div>\n\t\t\t\t\t<\/div>\n\t\t\t\t<\/div>\n\t\t\t\t<\/div>","protected":false},"excerpt":{"rendered":"<p>Inicio Esta declaraci\u00f3n de privacidad se actualiz\u00f3 por \u00faltima vez el 29 de enero de 2026 y se aplica a los ciudadanos y residentes legales permanentes del Espacio Econ\u00f3mico Europeo y Suiza. En esta declaraci\u00f3n de privacidad explicamos lo que hacemos con los datos que obtenemos sobre usted a trav\u00e9s de https:\/\/www.ortopediasantocristo.com. Le recomendamos que [&hellip;]<\/p>\n","protected":false},"author":1,"featured_media":0,"parent":0,"menu_order":0,"comment_status":"closed","ping_status":"closed","template":"","meta":{"footnotes":""},"class_list":["post-371","page","type-page","status-publish","hentry"],"_links":{"self":[{"href":"https:\/\/ortopediasantocristo.com\/en\/wp-json\/wp\/v2\/pages\/371","targetHints":{"allow":["GET"]}}],"collection":[{"href":"https:\/\/ortopediasantocristo.com\/en\/wp-json\/wp\/v2\/pages"}],"about":[{"href":"https:\/\/ortopediasantocristo.com\/en\/wp-json\/wp\/v2\/types\/page"}],"author":[{"embeddable":true,"href":"https:\/\/ortopediasantocristo.com\/en\/wp-json\/wp\/v2\/users\/1"}],"replies":[{"embeddable":true,"href":"https:\/\/ortopediasantocristo.com\/en\/wp-json\/wp\/v2\/comments?post=371"}],"version-history":[{"count":4,"href":"https:\/\/ortopediasantocristo.com\/en\/wp-json\/wp\/v2\/pages\/371\/revisions"}],"predecessor-version":[{"id":388,"href":"https:\/\/ortopediasantocristo.com\/en\/wp-json\/wp\/v2\/pages\/371\/revisions\/388"}],"wp:attachment":[{"href":"https:\/\/ortopediasantocristo.com\/en\/wp-json\/wp\/v2\/media?parent=371"}],"curies":[{"name":"wp","href":"https:\/\/api.w.org\/{rel}","templated":true}]}}