{"id":375,"date":"2026-02-18T00:59:44","date_gmt":"2026-02-18T00:59:44","guid":{"rendered":"https:\/\/ortopediasantocristo.com\/?page_id=375"},"modified":"2026-02-18T01:02:11","modified_gmt":"2026-02-18T01:02:11","slug":"aviso-legal","status":"publish","type":"page","link":"https:\/\/ortopediasantocristo.com\/en\/aviso-legal\/","title":{"rendered":"Aviso Legal"},"content":{"rendered":"<div data-elementor-type=\"wp-page\" data-elementor-id=\"375\" class=\"elementor elementor-375\" data-elementor-post-type=\"page\">\n\t\t\t\t<div class=\"elementor-element elementor-element-c980d67 e-flex e-con-boxed e-con e-parent\" data-id=\"c980d67\" data-element_type=\"container\" data-e-type=\"container\">\n\t\t\t\t\t<div class=\"e-con-inner\">\n\t\t\t\t<div class=\"elementor-element elementor-element-fe15c02 elementor-icon-list--layout-inline elementor-list-item-link-full_width elementor-widget elementor-widget-icon-list\" data-id=\"fe15c02\" data-element_type=\"widget\" data-e-type=\"widget\" data-widget_type=\"icon-list.default\">\n\t\t\t\t\t\t\t<ul class=\"elementor-icon-list-items elementor-inline-items\">\n\t\t\t\t\t\t\t<li class=\"elementor-icon-list-item elementor-inline-item\">\n\t\t\t\t\t\t\t\t\t\t\t<a href=\"https:\/\/ortopediasantocristo.com\/en\">\n\n\t\t\t\t\t\t\t\t\t\t\t<span class=\"elementor-icon-list-text\">Inicio<\/span>\n\t\t\t\t\t\t\t\t\t\t\t<\/a>\n\t\t\t\t\t\t\t\t\t<\/li>\n\t\t\t\t\t\t\t\t<li class=\"elementor-icon-list-item elementor-inline-item\">\n\t\t\t\t\t\t\t\t\t\t\t<span class=\"elementor-icon-list-icon\">\n\t\t\t\t\t\t\t<svg aria-hidden=\"true\" class=\"e-font-icon-svg e-fas-chevron-right\" viewbox=\"0 0 320 512\" xmlns=\"http:\/\/www.w3.org\/2000\/svg\"><path d=\"M285.476 272.971L91.132 467.314c-9.373 9.373-24.569 9.373-33.941 0l-22.667-22.667c-9.357-9.357-9.375-24.522-.04-33.901L188.505 256 34.484 101.255c-9.335-9.379-9.317-24.544.04-33.901l22.667-22.667c9.373-9.373 24.569-9.373 33.941 0L285.475 239.03c9.373 9.372 9.373 24.568.001 33.941z\"><\/path><\/svg>\t\t\t\t\t\t<\/span>\n\t\t\t\t\t\t\t\t\t\t<span class=\"elementor-icon-list-text\"><\/span>\n\t\t\t\t\t\t\t\t\t<\/li>\n\t\t\t\t\t\t<\/ul>\n\t\t\t\t\t\t<\/div>\n\t\t\t\t\t<\/div>\n\t\t\t\t<\/div>\n\t\t<div class=\"elementor-element elementor-element-8b20448 e-flex e-con-boxed e-con e-parent\" data-id=\"8b20448\" data-element_type=\"container\" data-e-type=\"container\" data-settings=\"{&quot;background_background&quot;:&quot;classic&quot;}\">\n\t\t\t\t\t<div class=\"e-con-inner\">\n\t\t\t\t<div class=\"elementor-element elementor-element-9c5c1de elementor-widget__width-inherit elementor-widget elementor-widget-text-editor\" data-id=\"9c5c1de\" data-element_type=\"widget\" data-e-type=\"widget\" data-widget_type=\"text-editor.default\">\n\t\t\t\t\t\t\t\t\t<p data-start=\"237\" data-end=\"322\">Este aviso legal \/ imprint fue actualizado por \u00faltima vez el <strong data-start=\"298\" data-end=\"321\">29 de enero de 2026<\/strong>.<\/p><p data-start=\"324\" data-end=\"354\">El propietario de esta web es:<\/p><p data-start=\"356\" data-end=\"636\"><strong data-start=\"356\" data-end=\"396\">Ortopedia T\u00e9cnica Santo Cristo, S.L.<\/strong><br data-start=\"396\" data-end=\"399\" \/>CIF: <strong data-start=\"404\" data-end=\"417\">B14905335<\/strong><br data-start=\"417\" data-end=\"420\" \/>Plaza de los Trinitarios, n\u00ba 2 D, Letra D<br data-start=\"461\" data-end=\"464\" \/>14540 La Rambla<br data-start=\"479\" data-end=\"482\" \/>C\u00f3rdoba<br data-start=\"489\" data-end=\"492\" \/>Espa\u00f1a<br data-start=\"498\" data-end=\"501\" \/>Correo electr\u00f3nico: <strong data-start=\"521\" data-end=\"554\"><a class=\"decorated-link cursor-pointer\" rel=\"noopener\" data-start=\"523\" data-end=\"552\">info@ortopediasantocristo.com<\/a><\/strong><br data-start=\"554\" data-end=\"557\" \/>Tel\u00e9fono: <strong data-start=\"567\" data-end=\"582\">957 684 184<\/strong><br data-start=\"582\" data-end=\"585\" \/>Sitio web: <strong data-start=\"596\" data-end=\"636\"><a class=\"decorated-link\" href=\"https:\/\/ortopediasantocristo.com\/en\/\" target=\"_new\" rel=\"noopener\" data-start=\"598\" data-end=\"634\">https:\/\/www.ortopediasantocristo.com<\/a><\/strong><\/p><h5 data-start=\"643\" data-end=\"661\"><strong data-start=\"647\" data-end=\"661\">1. General<\/strong><\/h5><p data-start=\"662\" data-end=\"795\">No estamos dispuestos ni obligados a participar en procedimientos de resoluci\u00f3n de conflictos ante una junta de arbitraje de consumo.<\/p>\t\t\t\t\t\t\t\t<\/div>\n\t\t\t\t\t<\/div>\n\t\t\t\t<\/div>\n\t\t\t\t<\/div>","protected":false},"excerpt":{"rendered":"<p>Inicio Este aviso legal \/ imprint fue actualizado por \u00faltima vez el 29 de enero de 2026. El propietario de esta web es: Ortopedia T\u00e9cnica Santo Cristo, S.L.CIF: B14905335Plaza de los Trinitarios, n\u00ba 2 D, Letra D14540 La RamblaC\u00f3rdobaEspa\u00f1aCorreo electr\u00f3nico: info@ortopediasantocristo.comTel\u00e9fono: 957 684 184Sitio web: https:\/\/www.ortopediasantocristo.com 1. General No estamos dispuestos ni obligados a participar [&hellip;]<\/p>\n","protected":false},"author":1,"featured_media":0,"parent":0,"menu_order":0,"comment_status":"closed","ping_status":"closed","template":"","meta":{"footnotes":""},"class_list":["post-375","page","type-page","status-publish","hentry"],"_links":{"self":[{"href":"https:\/\/ortopediasantocristo.com\/en\/wp-json\/wp\/v2\/pages\/375","targetHints":{"allow":["GET"]}}],"collection":[{"href":"https:\/\/ortopediasantocristo.com\/en\/wp-json\/wp\/v2\/pages"}],"about":[{"href":"https:\/\/ortopediasantocristo.com\/en\/wp-json\/wp\/v2\/types\/page"}],"author":[{"embeddable":true,"href":"https:\/\/ortopediasantocristo.com\/en\/wp-json\/wp\/v2\/users\/1"}],"replies":[{"embeddable":true,"href":"https:\/\/ortopediasantocristo.com\/en\/wp-json\/wp\/v2\/comments?post=375"}],"version-history":[{"count":10,"href":"https:\/\/ortopediasantocristo.com\/en\/wp-json\/wp\/v2\/pages\/375\/revisions"}],"predecessor-version":[{"id":385,"href":"https:\/\/ortopediasantocristo.com\/en\/wp-json\/wp\/v2\/pages\/375\/revisions\/385"}],"wp:attachment":[{"href":"https:\/\/ortopediasantocristo.com\/en\/wp-json\/wp\/v2\/media?parent=375"}],"curies":[{"name":"wp","href":"https:\/\/api.w.org\/{rel}","templated":true}]}}